{"id":10,"date":"2018-05-17T07:22:29","date_gmt":"2018-05-17T07:22:29","guid":{"rendered":"http:\/\/good-run.at?page_id=10"},"modified":"2019-02-25T13:01:49","modified_gmt":"2019-02-25T13:01:49","slug":"service","status":"publish","type":"page","link":"https:\/\/good-run.at\/?page_id=10","title":{"rendered":"Golf Vitality"},"content":{"rendered":"<h2><\/h2>\n<p>&nbsp;<\/p>\n<h2><\/h2>\n<h2><span style=\"font-size: 14pt;\"><strong><span style=\"font-family: helvetica, arial, sans-serif;\">Golfen \u2013 mehr als eine Leidenschaft<\/span><\/strong><\/span><\/h2>\n<p>Golf geh\u00f6rt zu den ges\u00fcndesten Sportarten \u00fcberhaupt &#8211; reichlich Bewegung in der Natur, begleitet von jeder Menge Frischluft. Aber Golf ist nach Stabhochsprung auch die zweit- komplexeste Bewegung im Sport.<br \/>\nDamit werden die Anforderungen an die k\u00f6rperliche Leistung eindeutig untersch\u00e4tzt!<\/p>\n<p>Die Zahl der aktiven Golfspieler w\u00e4re wesentlich h\u00f6her, wenn nicht jedes Jahr zahlreiche Golfer ihren Sport verletzungsbedingt aufgeben m\u00fcssten \u2013 und dabei handelt es sich nicht um Verletzungen wie<br \/>\n\u201evom Blitz oder Golfball erschlagen\u201c oder \u201ein Florida vom Krokodil erwischt\u201c.<\/p>\n<h2><span style=\"font-family: helvetica, arial, sans-serif; font-size: 14pt;\"><strong><br \/>\nSpielen Sie noch schmerzfrei Golf?<\/strong><\/span><\/h2>\n<p>Wussten Sie, dass 71 % der Golfbegeisterten unter diversen Golfverletzungen an Ellbogen, Schulter und Wirbels\u00e4ule leiden?<br \/>\nDie Ursachen daf\u00fcr sind k\u00f6rperliche Defizite in Kraft, Beweglichkeit und Koordination sowie mangelnde oder keine Vorbereitung. Die einseitigen Belastungen bei der Ausf\u00fchrung des Golfschwunges tut ihr \u00dcbriges.<\/p>\n<h2><span style=\"font-size: 14pt;\"><strong><span style=\"font-family: helvetica, arial, sans-serif;\"><br \/>\nWarum macht Sie Golf Vitality besser?<\/span><\/strong><\/span><\/h2>\n<p>Golf ist ein Sport! Ihre k\u00f6rperliche Konstitution entscheidet somit jeden weiteren Meter UND ist die Voraussetzung f\u00fcr eine korrekte Golftechnik! Ein gezieltes individuelles Training ist zus\u00e4tzlich zum Golf- spezifischen Techniktraining von gro\u00dfer Bedeutung. Oft reichen schon wenige \u00dcbungen, um mehr L\u00e4nge und Ballkontrolle beim Golfschlag zu erzielen \u2013 f\u00fcr ein geringeres Handicap!<\/p>\n<p>Golf Vitality Training verhilft Ihnen zu<\/p>\n<ul>\n<li>mehr Kraft \u2013 f\u00fcr eine stabile Basis und eine korrekte Schwungachse<\/li>\n<li>mehr Beweglichkeit \u2013 f\u00fcr einen gr\u00f6\u00dferen Schwungbogen und eine optimale Schwung\u00fcbertragung<\/li>\n<li>mehr Koordination \u2013 f\u00fcr einen pr\u00e4zisen Abschlag<\/li>\n<li>mehr Balance \u2013 damit Sie bis zum letzten Loch standhaft bleiben<\/li>\n<\/ul>\n<p>\u2026 und ist f\u00fcr Golfspieler jeden Alters und K\u00f6nnens geeignet, um bis ins hohe Alter mehr Dynamik am Fairway und Freude am Golfspiel zu haben!<\/p>\n<p>&nbsp;<\/p>\n<p>&nbsp;<\/p>\n<h3 style=\"text-align: center;\"><span style=\"font-family: helvetica, arial, sans-serif; font-size: 14pt;\">Beweglicher | Kr\u00e4ftiger | Stabiler<br \/>\n<\/span><\/h3>\n<h3 style=\"text-align: center;\"><span style=\"font-family: helvetica, arial, sans-serif; font-size: 14pt;\">f\u00fcr ein leichteres Golfspiel UND f\u00fcr einen lebenswerten Alltag!<\/span><\/h3>\n","protected":false},"excerpt":{"rendered":"<p>&nbsp; Golfen \u2013 mehr als eine Leidenschaft Golf geh\u00f6rt zu den ges\u00fcndesten Sportarten \u00fcberhaupt &#8211; reichlich Bewegung in der Natur, begleitet von jeder Menge Frischluft. Aber Golf ist nach Stabhochsprung auch die zweit- komplexeste Bewegung im Sport. Damit werden die Anforderungen an die k\u00f6rperliche Leistung eindeutig untersch\u00e4tzt! Die Zahl der aktiven Golfspieler w\u00e4re wesentlich h\u00f6her, [&hellip;]<\/p>\n","protected":false},"author":2,"featured_media":0,"parent":0,"menu_order":0,"comment_status":"closed","ping_status":"closed","template":"","meta":{"_exactmetrics_skip_tracking":false,"_exactmetrics_sitenote_active":false,"_exactmetrics_sitenote_note":"","_exactmetrics_sitenote_category":0,"footnotes":""},"class_list":["post-10","page","type-page","status-publish","hentry"],"_links":{"self":[{"href":"https:\/\/good-run.at\/index.php?rest_route=\/wp\/v2\/pages\/10","targetHints":{"allow":["GET"]}}],"collection":[{"href":"https:\/\/good-run.at\/index.php?rest_route=\/wp\/v2\/pages"}],"about":[{"href":"https:\/\/good-run.at\/index.php?rest_route=\/wp\/v2\/types\/page"}],"author":[{"embeddable":true,"href":"https:\/\/good-run.at\/index.php?rest_route=\/wp\/v2\/users\/2"}],"replies":[{"embeddable":true,"href":"https:\/\/good-run.at\/index.php?rest_route=%2Fwp%2Fv2%2Fcomments&post=10"}],"version-history":[{"count":10,"href":"https:\/\/good-run.at\/index.php?rest_route=\/wp\/v2\/pages\/10\/revisions"}],"predecessor-version":[{"id":322,"href":"https:\/\/good-run.at\/index.php?rest_route=\/wp\/v2\/pages\/10\/revisions\/322"}],"wp:attachment":[{"href":"https:\/\/good-run.at\/index.php?rest_route=%2Fwp%2Fv2%2Fmedia&parent=10"}],"curies":[{"name":"wp","href":"https:\/\/api.w.org\/{rel}","templated":true}]}}