{"id":2,"date":"2016-05-10T03:48:21","date_gmt":"2016-05-10T03:48:21","guid":{"rendered":"http:\/\/good-run.at?page_id=2"},"modified":"2019-02-25T13:17:39","modified_gmt":"2019-02-25T13:17:39","slug":"sample-page","status":"publish","type":"page","link":"https:\/\/good-run.at\/?page_id=2","title":{"rendered":"Sailor&#8217;s Best"},"content":{"rendered":"<h2><\/h2>\n<p>&nbsp;<\/p>\n<h2><\/h2>\n<h2><span style=\"font-size: 14pt;\"><strong><span style=\"font-family: helvetica, arial, sans-serif;\">Regatta- Segeln \u2013 eine gro\u00dfe Herausforderung<\/span><\/strong><\/span><\/h2>\n<p>Eine Regatta bringt den Segelfan an seine k\u00f6rperliche und mentale Grenze \u2013 und das gleichsam von Null auf Hundert.<br \/>\nAuf wie viele Regatten kommt man denn schon so durchschnittlich pro Jahr? Drei, F\u00fcnf, vielleicht auch mehr? Meistens muss man sich schon mal an ein fremdes Boot gew\u00f6hnen, mit viel Gl\u00fcck ist wenigstens die Mannschaft dieselbe. Aber es dauert, bis die Handgriffe wieder sitzen und das Team eingespielt ist. Und es braucht ebenfalls seine Zeit, bis sich auch der K\u00f6rper auf die wiederkehrende Belastung gew\u00f6hnt hat.<\/p>\n<h2><strong><span style=\"font-family: helvetica, arial, sans-serif; font-size: 14pt;\"><br \/>\nSegeln Sie schon oder \u00fcben Sie noch?<\/span><\/strong><\/h2>\n<p>Reicht Ihre Kraft, um \u00fcber einen l\u00e4ngeren Zeitraum alle Schoten und Trimmeinrichtungen problemlos bedienen sowie segeltypische Sitzpositionen einhalten zu k\u00f6nnen?<br \/>\nMeistern Sie s\u00e4mtliche Man\u00f6ver optimal?<br \/>\nSind Sie beweglich und schnell genug, um Ihre Aufgaben an Bord effizient zu erf\u00fcllen?<\/p>\n<h2><span style=\"font-size: 14pt;\"><strong><span style=\"font-family: helvetica, arial, sans-serif;\"><br \/>\nDie Vorteile eines segelspezifischen K\u00f6rpertrainings<\/span><\/strong><\/span><\/h2>\n<p>Haben Sie gewusst, dass 40 Prozent der Segler \u00fcber R\u00fcckenprobleme und mehr als 30 Prozent \u00fcber diverse Gelenksprobleme klagen?<\/p>\n<p>Mit den entsprechenden sportmotorischen F\u00e4higkeiten wie Kraft, Beweglichkeit und Koordination k\u00f6nnen Sie<\/p>\n<ul>\n<li>auftretende Belastungen l\u00e4nger auf gleichbleibendem Niveau aus\u00fcben<\/li>\n<li>sportartbedingte muskul\u00e4re Dysbalancen als Ursache von Haltungssch\u00e4den und Verspannungen vorbeugen<\/li>\n<li>pr\u00e4ventiv gegen Verletzungen arbeiten<\/li>\n<li>Gleichgewichts-, Orientierungs- und Reaktionsf\u00e4higkeit verbessern<\/li>\n<\/ul>\n<p>Und das Beste daran ist, dass sich all diese Eigenschaften ebenso erfolgreich auf die Belastungen des Alltags \u00fcbertragen lassen!<\/p>\n","protected":false},"excerpt":{"rendered":"<p>&nbsp; Regatta- Segeln \u2013 eine gro\u00dfe Herausforderung Eine Regatta bringt den Segelfan an seine k\u00f6rperliche und mentale Grenze \u2013 und das gleichsam von Null auf Hundert. Auf wie viele Regatten kommt man denn schon so durchschnittlich pro Jahr? Drei, F\u00fcnf, vielleicht auch mehr? Meistens muss man sich schon mal an ein fremdes Boot gew\u00f6hnen, mit [&hellip;]<\/p>\n","protected":false},"author":1,"featured_media":0,"parent":0,"menu_order":0,"comment_status":"closed","ping_status":"open","template":"","meta":{"_exactmetrics_skip_tracking":false,"_exactmetrics_sitenote_active":false,"_exactmetrics_sitenote_note":"","_exactmetrics_sitenote_category":0,"footnotes":""},"class_list":["post-2","page","type-page","status-publish","hentry"],"_links":{"self":[{"href":"https:\/\/good-run.at\/index.php?rest_route=\/wp\/v2\/pages\/2","targetHints":{"allow":["GET"]}}],"collection":[{"href":"https:\/\/good-run.at\/index.php?rest_route=\/wp\/v2\/pages"}],"about":[{"href":"https:\/\/good-run.at\/index.php?rest_route=\/wp\/v2\/types\/page"}],"author":[{"embeddable":true,"href":"https:\/\/good-run.at\/index.php?rest_route=\/wp\/v2\/users\/1"}],"replies":[{"embeddable":true,"href":"https:\/\/good-run.at\/index.php?rest_route=%2Fwp%2Fv2%2Fcomments&post=2"}],"version-history":[{"count":8,"href":"https:\/\/good-run.at\/index.php?rest_route=\/wp\/v2\/pages\/2\/revisions"}],"predecessor-version":[{"id":323,"href":"https:\/\/good-run.at\/index.php?rest_route=\/wp\/v2\/pages\/2\/revisions\/323"}],"wp:attachment":[{"href":"https:\/\/good-run.at\/index.php?rest_route=%2Fwp%2Fv2%2Fmedia&parent=2"}],"curies":[{"name":"wp","href":"https:\/\/api.w.org\/{rel}","templated":true}]}}