{"id":7,"date":"2018-05-17T07:18:56","date_gmt":"2018-05-17T07:18:56","guid":{"rendered":"http:\/\/good-run.at?page_id=7"},"modified":"2019-03-25T15:04:14","modified_gmt":"2019-03-25T15:04:14","slug":"home","status":"publish","type":"page","link":"https:\/\/good-run.at\/","title":{"rendered":"Home"},"content":{"rendered":"<h1><\/h1>\n<h1 style=\"text-align: center;\"><span style=\"font-family: helvetica, arial, sans-serif; font-size: 18pt;\"><strong>Sie wollen <em>endlich<\/em> etwas f\u00fcr sich und Ihren K\u00f6rper tun?<\/strong><\/span><\/h1>\n<h1 style=\"text-align: center;\"><span style=\"font-family: helvetica, arial, sans-serif; font-size: 18pt;\"><strong>Der Start in die letzte Golfsaison war f\u00fcr Sie alles andere als zufriedenstellend?<\/strong><\/span><\/h1>\n<h1 style=\"text-align: center;\"><span style=\"font-family: helvetica, arial, sans-serif; font-size: 18pt;\"><strong>Die Segelregatten im Vorjahr haben so gar nicht Ihren Vorstellungen entsprochen?<\/strong><\/span><\/h1>\n<p style=\"text-align: center;\"><strong><br \/>\n<\/strong><strong><br \/>\nWas auch immer Ihr Bestreben ist\u2026.<br \/>\nIhre allgemeine und sportliche Leistung h\u00e4ngt von motorischen F\u00e4higkeiten wie Kraft und Beweglichkeit ab.<\/strong><\/p>\n<p style=\"text-align: center;\"><span style=\"font-size: 12pt;\"><strong>Ein funktionelles Training <\/strong><strong>wirkt sich nicht nur positiv auf Gesundheit und Wohlbefinden aus,<br \/>\n<\/strong><strong>sondern <\/strong><\/span><strong><span style=\"font-size: 12pt;\">bewirkt auch Fortschritte in Ihrem Sport.<\/span><br \/>\n<\/strong><\/p>\n<p style=\"text-align: center;\"><strong>Mein Ziel ist Sie f\u00fcr eine Reise zu begeistern, auf der Sie m\u00f6glichst einfach Ihre Vitalit\u00e4t und<br \/>\nIhre sportliche Leistungsf\u00e4higkeit erhalten oder wiedererlangen.<\/strong><\/p>\n<p>&nbsp;<\/p>\n<table style=\"height: 10px; width: 1050px; border-style: none;\" cellspacing=\"0\" cellpadding=\"0\">\n<tbody>\n<tr style=\"height: 634px;\">\n<td style=\"width: 647.117px; height: 10px; text-align: left; vertical-align: top;\">\n<h2><span style=\"font-family: helvetica, arial, sans-serif; font-size: 14pt;\"><strong>Bewegung \u2013 ein wichtiger Motor im Leben<\/strong><\/span><\/h2>\n<p>Der Mensch ist zur Bewegung geboren! Tausende von Jahren war der Bewegungsapparat die Existenzgrundlage der Menschen. Heute verdienen wir unseren Lebensunterhalt mit vorwiegend sitzenden T\u00e4tigkeiten &#8211; das l\u00e4sst die typischen Merkmale unserer Wohlstandsgesellschaft erkennen.<\/p>\n<p>Karriere und Lebensqualit\u00e4t sind mit Sicherheit zwei sehr wichtige S\u00e4ulen in unserem Leben.<br \/>\n<strong>Aber ohne Gesundheit ist alles nichts!<\/strong><\/p>\n<p>Bewegung, vor allem in der Natur, ist ein wahrer Jungbrunnen und damit die ges\u00fcndeste Pille,<br \/>\ndie wir uns selbst verschreiben k\u00f6nnen.<\/p>\n<p>&nbsp;<\/p>\n<h2><span style=\"font-family: helvetica, arial, sans-serif; font-size: 14pt;\"><strong>Die Qual der Wahl<br \/>\n<\/strong><\/span><\/h2>\n<p>\u201eFitness\u201c ist und bleibt gro\u00df im Trend, wird aber irgendwie auch immer schwieriger &#8211; st\u00e4ndig <em>muss<\/em> etwas Neues auf den Markt. Unter dem reichhaltigen Angebot findet sich kaum mehr ein K\u00f6rpertraining, das mit wenig Hilfsmitteln und m\u00f6glichst geringem Aufwand ausge\u00fcbt werden kann. Aber wie viel Hightech ist wirklich notwendig?<br \/>\nDas wichtigste Ger\u00e4t ist der K\u00f6rper selbst- und den haben Sie schon!<\/td>\n<td style=\"width: 92.6167px; height: 10px;\"><\/td>\n<td style=\"width: 304.267px; height: 10px; vertical-align: top;\">\n<p style=\"text-align: center;\"><img loading=\"lazy\" decoding=\"async\" class=\"aligncenter wp-image-341 size-medium\" style=\"margin-top: 1.57813px; margin-bottom: 3.17188px; margin-left: 12.7188px;\" src=\"http:\/\/good-run.at\/wp-content\/uploads\/2019\/03\/good-run_portrait-300x165.png\" alt=\"Portrait\" width=\"300\" height=\"165\" srcset=\"https:\/\/good-run.at\/wp-content\/uploads\/2019\/03\/good-run_portrait-300x165.png 300w, https:\/\/good-run.at\/wp-content\/uploads\/2019\/03\/good-run_portrait.png 600w\" sizes=\"auto, (max-width: 300px) 100vw, 300px\" \/><\/p>\n<p style=\"text-align: center;\"><span style=\"color: #808080;\"><strong><span style=\"font-size: 12pt;\">\u00a0<\/span><\/strong><\/span><\/p>\n<p style=\"text-align: center;\"><span style=\"color: #33cccc;\"><strong>Mag. Gudrun Reinisch<\/strong><\/span><\/p>\n<p style=\"text-align: center;\"><strong>Diplomierte Sportwissenschafterin<br \/>\n<\/strong><strong>Individual Coach<br \/>\n<\/strong><strong>Golf Vitality Trainerin<br \/>\n<\/strong><strong>Sailor\u2018s Best Trainerin<br \/>\n<\/strong><strong>Eventerin<br \/>\n<\/strong><strong>Business &amp; Marketing Assistent<br \/>\n<\/strong><strong>Social Media Managerin<\/strong><\/p>\n<\/td>\n<\/tr>\n<\/tbody>\n<\/table>\n<h2><span style=\"font-family: helvetica, arial, sans-serif; font-size: 14pt;\"><strong>Die L\u00f6sung<\/strong><\/span><\/h2>\n<p>Mein Bewegungstraining verbessert die k\u00f6rperliche und geistige Leistungsf\u00e4higkeit einfach und dennoch wirkungsvoll.<br \/>\nAls positiver Nebeneffekt fallen auch die allt\u00e4glichen Anforderungen leichter.<\/p>\n<p>Funktionalit\u00e4t und Beweglichkeit stehen dabei im Vordergrund!<br \/>\nDamit bringe ich Erleichterung in den beruflichen Alltag und optimiere s\u00e4mtliche sportartrelevanten F\u00e4higkeiten.<\/p>\n<h1><\/h1>\n<h1 style=\"text-align: center;\"><span style=\"font-size: 14pt;\"><strong><br \/>\n<\/strong><\/span><span style=\"font-family: helvetica, arial, sans-serif; font-size: 18pt;\"><strong>Remember what moves you!<\/strong><\/span><\/h1>\n","protected":false},"excerpt":{"rendered":"<p>Sie wollen endlich etwas f\u00fcr sich und Ihren K\u00f6rper tun? Der Start in die letzte Golfsaison war f\u00fcr Sie alles andere als zufriedenstellend? Die Segelregatten im Vorjahr haben so gar nicht Ihren Vorstellungen entsprochen? Was auch immer Ihr Bestreben ist\u2026. Ihre allgemeine und sportliche Leistung h\u00e4ngt von motorischen F\u00e4higkeiten wie Kraft und Beweglichkeit ab. Ein [&hellip;]<\/p>\n","protected":false},"author":2,"featured_media":0,"parent":0,"menu_order":0,"comment_status":"closed","ping_status":"closed","template":"page-templates\/template-fullwidth.php","meta":{"_exactmetrics_skip_tracking":false,"_exactmetrics_sitenote_active":false,"_exactmetrics_sitenote_note":"","_exactmetrics_sitenote_category":0,"footnotes":""},"class_list":["post-7","page","type-page","status-publish","hentry"],"_links":{"self":[{"href":"https:\/\/good-run.at\/index.php?rest_route=\/wp\/v2\/pages\/7","targetHints":{"allow":["GET"]}}],"collection":[{"href":"https:\/\/good-run.at\/index.php?rest_route=\/wp\/v2\/pages"}],"about":[{"href":"https:\/\/good-run.at\/index.php?rest_route=\/wp\/v2\/types\/page"}],"author":[{"embeddable":true,"href":"https:\/\/good-run.at\/index.php?rest_route=\/wp\/v2\/users\/2"}],"replies":[{"embeddable":true,"href":"https:\/\/good-run.at\/index.php?rest_route=%2Fwp%2Fv2%2Fcomments&post=7"}],"version-history":[{"count":77,"href":"https:\/\/good-run.at\/index.php?rest_route=\/wp\/v2\/pages\/7\/revisions"}],"predecessor-version":[{"id":344,"href":"https:\/\/good-run.at\/index.php?rest_route=\/wp\/v2\/pages\/7\/revisions\/344"}],"wp:attachment":[{"href":"https:\/\/good-run.at\/index.php?rest_route=%2Fwp%2Fv2%2Fmedia&parent=7"}],"curies":[{"name":"wp","href":"https:\/\/api.w.org\/{rel}","templated":true}]}}